{"id":5187,"date":"2021-04-08T15:39:44","date_gmt":"2021-04-08T13:39:44","guid":{"rendered":"https:\/\/dev.hhb.eu\/impressum-2\/"},"modified":"2021-04-16T14:02:17","modified_gmt":"2021-04-16T12:02:17","slug":"mentions-legales","status":"publish","type":"page","link":"https:\/\/hhb.eu\/fr\/mentions-legales\/","title":{"rendered":"Mentions l\u00e9gales"},"content":{"rendered":"<h1>\n<h2 class=\"uk-h1 uk-text-truncate\">Mentions l\u00e9gales<\/h2>\n<\/h1>\n<div>\n<div class=\"uk-margin-medium\">\n<p>Ces mentions l\u00e9gales ont \u00e9t\u00e9 actualis\u00e9es le 8 avril 2021.<\/p>\n<p>hhb Electronic GmbH<br \/>Strittholzstra\u00dfe 33<br \/>D \u2013 82211 Herrsching<br \/><a href=\"mailto:info@hhb.eu\">info@hhb.eu<\/a><br \/>+49 8152-918444<\/p>\n<p>N\u00b0 de TVA intracommunautaire : DE114415256<br \/>Domaine de validit\u00e9 : https:\/\/hhb.eu<br \/>Registre : immatricul\u00e9 au Registre du commerce de Munich sous<br \/>N\u00b0 de registre : HRB 12149<br \/>Repr\u00e9sentant habilit\u00e9 : M. Thomas Kalusa<\/p>\n<\/div>\n<\/div>\n<p><img decoding=\"async\" src=\"\/wp-content\/uploads\/2018\/04\/logo_hhb_electronic_cmyk.png\" alt=\"\"><\/p>\n<p><!-- {\"name\":\"DE | Impressum\",\"type\":\"layout\",\"children\":[{\"name\":\"\",\"type\":\"section\",\"props\":{\"style\":\"secondary\",\"width\":\"default\",\"vertical_align\":\"middle\",\"title_position\":\"top-left\",\"title_rotation\":\"left\",\"title_breakpoint\":\"xl\",\"image_position\":\"center-center\",\"padding\":\"large\",\"padding_remove_bottom\":true,\"css\":\".el-section {border-bottom:2px solid #fbbe0a;}\"},\"children\":[{\"name\":\"\",\"type\":\"row\",\"children\":[{\"name\":\"\",\"type\":\"column\",\"props\":{\"image_position\":\"center-center\",\"media_overlay_gradient\":\"\",\"width_medium\":\"1-1\"},\"children\":[{\"name\":\"\",\"type\":\"headline\",\"props\":{\"title_element\":\"h1\",\"content\":\"\n\n<h2 class=\\\"uk-h1 uk-text-truncate\\\">Mentions l\\u00e9gales<\\\/h2>\"}}]}]}]},{\"name\":\"\",\"type\":\"section\",\"props\":{\"style\":\"default\",\"width\":\"default\",\"vertical_align\":\"middle\",\"title_position\":\"top-left\",\"title_rotation\":\"left\",\"title_breakpoint\":\"xl\",\"image_position\":\"center-center\"},\"children\":[{\"name\":\"\",\"type\":\"row\",\"props\":{\"layout\":\"1-2,1-2\"},\"children\":[{\"name\":\"\",\"type\":\"column\",\"props\":{\"image_position\":\"center-center\",\"media_overlay_gradient\":\"\",\"width_medium\":\"1-2\"},\"children\":[{\"name\":\"\",\"type\":\"text\",\"props\":{\"margin\":\"default\",\"column_breakpoint\":\"m\",\"content\":\"\n\n<div class=\\\"uk-margin-medium\\\">\\n\n\n<p>Ces mentions l\\u00e9gales ont \\u00e9t\\u00e9 actualis\\u00e9es le 8 avril 2021.<\\\/p>\\n\n\n<p>hhb Electronic GmbH<br \\\/>Strittholzstra\\u00dfe 33<br \\\/>D \\u2013 82211 Herrsching<br \\\/><a href=\\\"mailto:info@hhb.eu\\\">info@hhb.eu<\\\/a><br \\\/>+49 8152-918444<\\\/p>\\n\n\n<p>N\\u00b0 de TVA intracommunautaire : DE114415256<br \\\/>Domaine de validit\\u00e9 : https:\\\/\\\/hhb.eu<br \\\/>Registre : immatricul\\u00e9 au Registre du commerce de Munich sous<br \\\/>N\\u00b0 de registre : HRB 12149<br \\\/>Repr\\u00e9sentant habilit\\u00e9 : M. Thomas Kalusa<\\\/p>\\n<\\\/div>\"}}]},{\"name\":\"\",\"type\":\"column\",\"props\":{\"image_position\":\"center-center\",\"media_overlay_gradient\":\"\",\"width_medium\":\"1-2\"},\"children\":[{\"name\":\"\",\"type\":\"image\",\"props\":{\"margin\":\"default\",\"image\":\"wp-content\\\/uploads\\\/2018\\\/04\\\/logo_hhb_electronic_cmyk.png\",\"css\":\".el-element {\\n margin-top:100px;\\n}\",\"text_align\":\"center\",\"image_svg_color\":\"emphasis\"}}]}]}]}],\"version\":\"2.3.29\"} --><\/p>\n","protected":false},"excerpt":{"rendered":"<p>Mentions l\u00e9gales Ces mentions l\u00e9gales ont \u00e9t\u00e9 actualis\u00e9es le 8 avril 2021. hhb Electronic GmbHStrittholzstra\u00dfe 33D \u2013 82211 Herrschinginfo@hhb.eu+49 8152-918444 N\u00b0 de TVA intracommunautaire : DE114415256Domaine de validit\u00e9 : https:\/\/hhb.euRegistre : immatricul\u00e9 au Registre du commerce de Munich sousN\u00b0 de registre : HRB 12149Repr\u00e9sentant habilit\u00e9 : M. Thomas Kalusa<\/p>\n","protected":false},"author":3,"featured_media":0,"parent":0,"menu_order":0,"comment_status":"closed","ping_status":"closed","template":"","meta":{"_acf_changed":false,"footnotes":""},"class_list":["post-5187","page","type-page","status-publish","hentry"],"acf":[],"_links":{"self":[{"href":"https:\/\/hhb.eu\/fr\/wp-json\/wp\/v2\/pages\/5187","targetHints":{"allow":["GET"]}}],"collection":[{"href":"https:\/\/hhb.eu\/fr\/wp-json\/wp\/v2\/pages"}],"about":[{"href":"https:\/\/hhb.eu\/fr\/wp-json\/wp\/v2\/types\/page"}],"author":[{"embeddable":true,"href":"https:\/\/hhb.eu\/fr\/wp-json\/wp\/v2\/users\/3"}],"replies":[{"embeddable":true,"href":"https:\/\/hhb.eu\/fr\/wp-json\/wp\/v2\/comments?post=5187"}],"version-history":[{"count":8,"href":"https:\/\/hhb.eu\/fr\/wp-json\/wp\/v2\/pages\/5187\/revisions"}],"predecessor-version":[{"id":5432,"href":"https:\/\/hhb.eu\/fr\/wp-json\/wp\/v2\/pages\/5187\/revisions\/5432"}],"wp:attachment":[{"href":"https:\/\/hhb.eu\/fr\/wp-json\/wp\/v2\/media?parent=5187"}],"curies":[{"name":"wp","href":"https:\/\/api.w.org\/{rel}","templated":true}]}}