{"id":5169,"date":"2021-04-08T15:39:44","date_gmt":"2021-04-08T13:39:44","guid":{"rendered":"https:\/\/dev.hhb.eu\/datenschutzerklaerung-eu\/"},"modified":"2021-04-16T11:37:59","modified_gmt":"2021-04-16T09:37:59","slug":"politica-de-privacidade","status":"publish","type":"page","link":"https:\/\/hhb.eu\/pt-pt\/politica-de-privacidade\/","title":{"rendered":"Pol\u00edtica de privacidade"},"content":{"rendered":"\n<p>Esta declara\u00e7\u00e3o de privacidade foi atualizada pela \u00faltima vez no dia 8. Abril 2021 e se aplica aos cidad\u00e3os do Espa\u00e7o Econ\u00f4mico Europeu.<\/p>\n\n\n\n<p>Nesta declara\u00e7\u00e3o de privacidade, explicamos o que fazemos com os dados que obtemos sobre voc\u00ea via https:\/\/hhb.eu Recomendamos que voc\u00ea leia atentamente esta declara\u00e7\u00e3o. Em nosso processamento, cumprimos as exig\u00eancias da legisla\u00e7\u00e3o de privacidade. Isso significa, entre outras coisas, que:<\/p>\n\n\n\n<pre class=\"wp-block-code\"><code>indicamos claramente as finalidades para as quais processamos os dados pessoais. Fazemos isso por meio desta declara\u00e7\u00e3o de privacidade;\n\nnosso objetivo \u00e9 limitar nossa coleta de dados pessoais apenas aos dados pessoais necess\u00e1rios para fins leg\u00edtimos;\n\nprimeiro solicitamos seu consentimento expl\u00edcito para processar seus dados pessoais em casos que exijam seu consentimento;\n\ntomamos as medidas de seguran\u00e7a apropriadas para proteger seus dados pessoais e tamb\u00e9m exigimos isso das partes que processam dados pessoais em nosso nome;\n\nrespeitamos seu direito de acesso a seus dados pessoais ou de corre\u00e7\u00e3o ou exclus\u00e3o, a seu pedido.<\/code><\/pre>\n\n\n\n<p>Se voc\u00ea tiver alguma d\u00favida, ou quiser saber exatamente quais dados guardamos de voc\u00ea, entre em contato conosco.<\/p>\n\n\n\n<ol class=\"wp-block-list\"><li>Objetivo, dados e per\u00edodo de reten\u00e7\u00e3o<br>1.1 Contato &#8211; Por telefone, correio, e-mail e \/ ou formul\u00e1rios web<br>1.2 Compilar e analisar estat\u00edsticas para melhorar o site.<\/li><li>Biscoitos<\/li><\/ol>\n\n\n\n<p>Nosso site utiliza cookies. Para maiores informa\u00e7\u00f5es sobre cookies, favor consultar nossa Pol\u00edtica de Cookies. A inclus\u00e3o de endere\u00e7os IP completos \u00e9 bloqueada por n\u00f3s.<\/p>\n\n\n\n<ol class=\"wp-block-list\" start=\"3\"><li>Seguran\u00e7a<\/li><\/ol>\n\n\n\n<p>Estamos comprometidos com a seguran\u00e7a dos dados pessoais. Tomamos as medidas de seguran\u00e7a adequadas para limitar o abuso e o acesso n\u00e3o autorizado aos dados pessoais. Isto assegura que somente as pessoas necess\u00e1rias tenham acesso aos seus dados, que o acesso aos dados seja protegido e que nossas medidas de seguran\u00e7a sejam revistas regularmente.<\/p>\n\n\n\n<ol class=\"wp-block-list\" start=\"4\"><li>Sites de terceiros<\/li><\/ol>\n\n\n\n<p>Esta declara\u00e7\u00e3o de privacidade n\u00e3o se aplica a sites de terceiros conectados por links em nosso site. N\u00e3o podemos garantir que esses terceiros tratem seus dados pessoais de maneira confi\u00e1vel ou segura. Recomendamos que voc\u00ea leia as declara\u00e7\u00f5es de privacidade destes websites antes de fazer uso destes websites.<\/p>\n\n\n\n<ol class=\"wp-block-list\" start=\"5\"><li>Altera\u00e7\u00f5es a esta declara\u00e7\u00e3o de privacidade<\/li><\/ol>\n\n\n\n<p>Reservamo-nos o direito de fazer emendas a esta declara\u00e7\u00e3o de privacidade. Recomenda-se que voc\u00ea consulte esta declara\u00e7\u00e3o de privacidade regularmente a fim de estar ciente de quaisquer altera\u00e7\u00f5es. Al\u00e9m disso, o informaremos ativamente sempre que poss\u00edvel.<\/p>\n\n\n\n<ol class=\"wp-block-list\" start=\"6\"><li>Aceder e modificar os seus dados<\/li><\/ol>\n\n\n\n<p>Se voc\u00ea tiver alguma d\u00favida ou quiser saber quais dados pessoais temos sobre voc\u00ea, por favor, entre em contato conosco. Voc\u00ea pode entrar em contato conosco utilizando as informa\u00e7\u00f5es abaixo. Voc\u00ea tem os seguintes direitos:<\/p>\n\n\n\n<pre class=\"wp-block-code\"><code>Voc\u00ea tem o direito de saber porque seus dados pessoais s\u00e3o necess\u00e1rios, o que acontecer\u00e1 com eles e por quanto tempo eles ser\u00e3o retidos.\n\nDireito de acesso: Voc\u00ea tem o direito de acessar seus dados pessoais que s\u00e3o do nosso conhecimento.\n\nDireito de retifica\u00e7\u00e3o: voc\u00ea tem o direito de complementar, corrigir, apagar ou bloquear seus dados pessoais sempre que desejar.\n\nSe voc\u00ea nos der seu consentimento para processar seus dados, voc\u00ea tem o direito de revogar esse consentimento e de ter seus dados pessoais apagados.\n\nDireito de transferir seus dados: voc\u00ea tem o direito de solicitar todos os seus dados pessoais ao controlador e transferi-los em sua totalidade para outro controlador.\n\nDireito de obje\u00e7\u00e3o: voc\u00ea pode objetar ao processamento de seus dados. Cumprimos com isto, a menos que haja motivos justificados para o processamento.<\/code><\/pre>\n\n\n\n<p>Por favor, certifique-se de sempre dizer claramente quem voc\u00ea \u00e9, para que possamos ter certeza de que n\u00e3o modificamos ou apagamos nenhum dado da pessoa errada.<\/p>\n\n\n\n<ol class=\"wp-block-list\" start=\"7\"><li>Apresenta\u00e7\u00e3o de uma reclama\u00e7\u00e3o<\/li><\/ol>\n\n\n\n<p>Se voc\u00ea n\u00e3o estiver satisfeito com a forma como tratamos (uma reclama\u00e7\u00e3o sobre) o processamento de seus dados pessoais, voc\u00ea tem o direito de apresentar uma reclama\u00e7\u00e3o \u00e0 Autoridade de Prote\u00e7\u00e3o de Dados.<\/p>\n\n\n\n<ol class=\"wp-block-list\" start=\"8\"><li>Dados de contato<\/li><\/ol>\n\n\n\n<p>hhb Electronic GmbH<br>Strittholzstra\u00dfe 33<br>D &#8211; 82211 Herrsching<br>Alemanha<br>Website: https:\/\/hhb.eu<br>Email: info@hhb.eu<br>N\u00famero de telefone: +49 8152-918444<br><\/p>\n","protected":false},"excerpt":{"rendered":"<p>Esta declara\u00e7\u00e3o de privacidade foi atualizada pela \u00faltima vez no dia 8. Abril 2021 e se aplica aos cidad\u00e3os do Espa\u00e7o Econ\u00f4mico Europeu. Nesta declara\u00e7\u00e3o de privacidade, explicamos o que fazemos com os dados que obtemos sobre voc\u00ea via https:\/\/hhb.eu Recomendamos que voc\u00ea leia atentamente esta declara\u00e7\u00e3o. Em nosso processamento, cumprimos as exig\u00eancias da legisla\u00e7\u00e3o [&hellip;]<\/p>\n","protected":false},"author":3,"featured_media":0,"parent":0,"menu_order":0,"comment_status":"closed","ping_status":"closed","template":"","meta":{"_acf_changed":false,"footnotes":""},"class_list":["post-5169","page","type-page","status-publish","hentry"],"acf":[],"_links":{"self":[{"href":"https:\/\/hhb.eu\/pt-pt\/wp-json\/wp\/v2\/pages\/5169","targetHints":{"allow":["GET"]}}],"collection":[{"href":"https:\/\/hhb.eu\/pt-pt\/wp-json\/wp\/v2\/pages"}],"about":[{"href":"https:\/\/hhb.eu\/pt-pt\/wp-json\/wp\/v2\/types\/page"}],"author":[{"embeddable":true,"href":"https:\/\/hhb.eu\/pt-pt\/wp-json\/wp\/v2\/users\/3"}],"replies":[{"embeddable":true,"href":"https:\/\/hhb.eu\/pt-pt\/wp-json\/wp\/v2\/comments?post=5169"}],"version-history":[{"count":2,"href":"https:\/\/hhb.eu\/pt-pt\/wp-json\/wp\/v2\/pages\/5169\/revisions"}],"predecessor-version":[{"id":5389,"href":"https:\/\/hhb.eu\/pt-pt\/wp-json\/wp\/v2\/pages\/5169\/revisions\/5389"}],"wp:attachment":[{"href":"https:\/\/hhb.eu\/pt-pt\/wp-json\/wp\/v2\/media?parent=5169"}],"curies":[{"name":"wp","href":"https:\/\/api.w.org\/{rel}","templated":true}]}}