{"id":5180,"date":"2021-04-08T15:39:44","date_gmt":"2021-04-08T13:39:44","guid":{"rendered":"https:\/\/dev.hhb.eu\/cookie-richtlinie-eu\/"},"modified":"2021-04-16T11:30:31","modified_gmt":"2021-04-16T09:30:31","slug":"politica-de-cookie","status":"publish","type":"page","link":"https:\/\/hhb.eu\/pt-pt\/politica-de-cookie\/","title":{"rendered":"Pol\u00edtica de Cookie"},"content":{"rendered":"\n<p>Esta Pol\u00edtica de Biscoitos foi atualizada pela \u00faltima vez no dia 8. Abril 2021 e se aplica aos cidad\u00e3os do Espa\u00e7o Econ\u00f4mico Europeu.<\/p>\n\n\n\n<ol class=\"wp-block-list\"><li>Introdu\u00e7\u00e3o<\/li><\/ol>\n\n\n\n<p>Nosso website, https:\/\/hhb.eu\/pt-pt\/ (doravante: &#8220;o website&#8221;) utiliza cookies e outras tecnologias relacionadas (por conveni\u00eancia, todas as tecnologias s\u00e3o referidas como &#8220;cookies&#8221;). Os cookies tamb\u00e9m s\u00e3o colocados por terceiros que temos contratados. No documento abaixo, informamos sobre o uso de cookies em nosso website.<\/p>\n\n\n\n<ol class=\"wp-block-list\" start=\"2\"><li>O que s\u00e3o cookies?<\/li><\/ol>\n\n\n\n<p>Um cookie \u00e9 um pequeno e simples ficheiro que \u00e9 enviado com as p\u00e1ginas deste s\u00edtio web e \u00e9 gravado pelo seu navegador de internet no seu computador ou outro dispositivo. A informa\u00e7\u00e3o que \u00e9 gravada pode ser retornada aos nossos servidores ou a terceiras partes relevantes durante uma visita posterior.<\/p>\n\n\n\n<ol class=\"wp-block-list\" start=\"3\"><li>O que s\u00e3o scripts?<\/li><\/ol>\n\n\n\n<p>Um script \u00e9 uma parcela de c\u00f3digo de programa\u00e7\u00e3o que \u00e9 usado para que o nosso site funcione de forma adequada e interativa. Este c\u00f3digo \u00e9 executado no nosso servidor ou no seu dispositivo.<\/p>\n\n\n\n<ol class=\"wp-block-list\" start=\"4\"><li>O que \u00e9 um web beacon?<\/li><\/ol>\n\n\n\n<p>Um web beacon (ou pixel tag) \u00e9 um pequeno e invis\u00edvel peda\u00e7o de texto ou imagem num site, que \u00e9 utilizado para monitorar o tr\u00e1fego desse site. Para que isso seja feito, v\u00e1rios dados sobre si s\u00e3o armazenados usando os web beacons.<\/p>\n\n\n\n<ol class=\"wp-block-list\" start=\"5\"><li>Cookies<\/li><\/ol>\n\n\n\n<p>5.1 Cookies t\u00e9cnicos ou funcionais<\/p>\n\n\n\n<p>Alguns cookies garantem que certas partes do site funcionem corretamente e que suas prefer\u00eancias de usu\u00e1rio permane\u00e7am conhecidas. Ao colocar cookies funcionais, tornamos mais f\u00e1cil para voc\u00ea visitar nosso website. Desta forma, voc\u00ea n\u00e3o precisa inserir repetidamente as mesmas informa\u00e7\u00f5es ao visitar nosso website e, por exemplo, os itens permanecem em seu carrinho de compras at\u00e9 que voc\u00ea tenha pago. Podemos colocar esses cookies sem o seu consentimento.<\/p>\n\n\n\n<p>5.2 Cookies anal\u00edticos<\/p>\n\n\n\n<p>Utilizamos cookies anal\u00edticos para otimizar a experi\u00eancia do site para nossos usu\u00e1rios. Com esses cookies anal\u00edticos, obtemos insights sobre o uso de nosso website. Pedimos sua permiss\u00e3o para colocar cookies anal\u00edticos.<\/p>\n\n\n\n<p>5.3 Cookies de marketing\/rastreamento<\/p>\n\n\n\n<p>Marketing\/Tracking cookies s\u00e3o cookies ou qualquer outra forma de armazenamento local, usados para criar perfis de usu\u00e1rios para exibir publicidade ou para rastrear o usu\u00e1rio neste website ou em v\u00e1rios websites para fins de marketing similares.<\/p>\n\n\n\n<ol class=\"wp-block-list\" start=\"6\"><li>Cookies colocados<\/li><li>Consentimento<\/li><\/ol>\n\n\n\n<p>Quando voc\u00ea visitar nosso site pela primeira vez, lhe mostraremos um pop-up com uma explica\u00e7\u00e3o sobre cookies. Assim que voc\u00ea clicar em &#8220;Guardar defini\u00e7\u00f5es&#8221;, voc\u00ea consente que utilizemos as categorias de cookies e plug-ins que voc\u00ea selecionou no pop-up, conforme descrito nesta Pol\u00edtica de Cookies. Voc\u00ea pode desativar o uso de cookies atrav\u00e9s de seu navegador, mas observe que nosso website pode n\u00e3o funcionar mais adequadamente.<\/p>\n\n\n\n<p>7.1 Gerencie suas configura\u00e7\u00f5es de consentimento<\/p>\n\n\n\n<p>Voc\u00ea carregou a Pol\u00edtica de Biscoitos sem suporte a javascript. No AMP, voc\u00ea pode usar o bot\u00e3o de consentimento de gerenciamento no final da p\u00e1gina.<\/p>\n\n\n\n<ol class=\"wp-block-list\" start=\"8\"><li>Seus direitos com respeito aos dados pessoais<\/li><\/ol>\n\n\n\n<p>Voc\u00ea tem os seguintes direitos com respeito a seus dados pessoais:<\/p>\n\n\n\n<pre class=\"wp-block-code\"><code>Voc\u00ea tem o direito de saber por que seus dados pessoais s\u00e3o necess\u00e1rios, o que acontecer\u00e1 com eles e por quanto tempo eles ser\u00e3o retidos.\nDireito de acesso: Voc\u00ea tem o direito de acessar seus dados pessoais que s\u00e3o do nosso conhecimento.\nDireito de retifica\u00e7\u00e3o: voc\u00ea tem o direito de complementar, corrigir, apagar ou bloquear seus dados pessoais sempre que desejar.\nSe voc\u00ea nos der seu consentimento para processar seus dados, voc\u00ea tem o direito de revogar esse consentimento e de ter seus dados pessoais apagados.\nDireito de transferir seus dados: voc\u00ea tem o direito de solicitar todos os seus dados pessoais ao controlador e transferi-los em sua totalidade para outro controlador.\nDireito de obje\u00e7\u00e3o: voc\u00ea pode objetar ao processamento de seus dados. Cumprimos com isto, a menos que haja motivos justificados para o processamento.<\/code><\/pre>\n\n\n\n<p>Para exercer estes direitos, por favor, entre em contato conosco. Por favor, consulte os detalhes de contato no final desta Pol\u00edtica de Cookies. Se voc\u00ea tiver uma reclama\u00e7\u00e3o sobre como lidamos com seus dados, gostar\u00edamos de ouvir de voc\u00ea, mas voc\u00ea tamb\u00e9m tem o direito de apresentar uma reclama\u00e7\u00e3o \u00e0 autoridade de supervis\u00e3o (a Autoridade de Prote\u00e7\u00e3o de Dados).<\/p>\n\n\n\n<ol class=\"wp-block-list\" start=\"9\"><li>Habilita\u00e7\u00e3o\/desabilita\u00e7\u00e3o e elimina\u00e7\u00e3o de cookies<\/li><\/ol>\n\n\n\n<p>Voc\u00ea pode usar seu navegador de internet para apagar cookies automaticamente ou manualmente. Voc\u00ea tamb\u00e9m pode especificar que certos cookies n\u00e3o podem ser colocados. Outra op\u00e7\u00e3o \u00e9 alterar as configura\u00e7\u00f5es de seu navegador de internet para que voc\u00ea receba uma mensagem cada vez que um cookie \u00e9 colocado. Para maiores informa\u00e7\u00f5es sobre estas op\u00e7\u00f5es, consulte as instru\u00e7\u00f5es na se\u00e7\u00e3o Ajuda do seu navegador.<\/p>\n\n\n\n<p>Observe que nosso website pode n\u00e3o funcionar corretamente se todos os cookies estiverem desativados. Se voc\u00ea apagar os cookies em seu navegador, eles ser\u00e3o colocados novamente ap\u00f3s seu consentimento quando voc\u00ea visitar nossos sites novamente.<\/p>\n\n\n\n<ol class=\"wp-block-list\" start=\"10\"><li>Dados de contato<\/li><\/ol>\n\n\n\n<p>Para perguntas e\/ou coment\u00e1rios sobre nossa Pol\u00edtica de Biscoitos e esta declara\u00e7\u00e3o, favor entrar em contato conosco usando os seguintes detalhes de contato:<\/p>\n\n\n\n<p>hhb Electronic GmbH<br>Strittholzstra\u00dfe 33<br>D &#8211; 82211 Herrsching<br>Alemanha<br>Website: https:\/\/hhb.eu<br>Email: info@hhb.eu<br>N\u00famero de telefone: +49 8152-918444<\/p>\n\n\n\n<p>Esta Pol\u00edtica de Cookie foi sincronizada com o cookiedatabase.org no site 8.<\/p>\n","protected":false},"excerpt":{"rendered":"<p>Esta Pol\u00edtica de Biscoitos foi atualizada pela \u00faltima vez no dia 8. Abril 2021 e se aplica aos cidad\u00e3os do Espa\u00e7o Econ\u00f4mico Europeu. Introdu\u00e7\u00e3o Nosso website, https:\/\/hhb.eu\/pt-pt\/ (doravante: &#8220;o website&#8221;) utiliza cookies e outras tecnologias relacionadas (por conveni\u00eancia, todas as tecnologias s\u00e3o referidas como &#8220;cookies&#8221;). Os cookies tamb\u00e9m s\u00e3o colocados por terceiros que temos contratados. [&hellip;]<\/p>\n","protected":false},"author":3,"featured_media":0,"parent":0,"menu_order":0,"comment_status":"closed","ping_status":"closed","template":"","meta":{"_acf_changed":false,"footnotes":""},"class_list":["post-5180","page","type-page","status-publish","hentry"],"acf":[],"_links":{"self":[{"href":"https:\/\/hhb.eu\/pt-pt\/wp-json\/wp\/v2\/pages\/5180","targetHints":{"allow":["GET"]}}],"collection":[{"href":"https:\/\/hhb.eu\/pt-pt\/wp-json\/wp\/v2\/pages"}],"about":[{"href":"https:\/\/hhb.eu\/pt-pt\/wp-json\/wp\/v2\/types\/page"}],"author":[{"embeddable":true,"href":"https:\/\/hhb.eu\/pt-pt\/wp-json\/wp\/v2\/users\/3"}],"replies":[{"embeddable":true,"href":"https:\/\/hhb.eu\/pt-pt\/wp-json\/wp\/v2\/comments?post=5180"}],"version-history":[{"count":4,"href":"https:\/\/hhb.eu\/pt-pt\/wp-json\/wp\/v2\/pages\/5180\/revisions"}],"predecessor-version":[{"id":5388,"href":"https:\/\/hhb.eu\/pt-pt\/wp-json\/wp\/v2\/pages\/5180\/revisions\/5388"}],"wp:attachment":[{"href":"https:\/\/hhb.eu\/pt-pt\/wp-json\/wp\/v2\/media?parent=5180"}],"curies":[{"name":"wp","href":"https:\/\/api.w.org\/{rel}","templated":true}]}}