{"id":5193,"date":"2021-04-08T15:39:44","date_gmt":"2021-04-08T13:39:44","guid":{"rendered":"https:\/\/dev.hhb.eu\/impressum-2\/"},"modified":"2021-04-19T14:28:23","modified_gmt":"2021-04-19T12:28:23","slug":"baski","status":"publish","type":"page","link":"https:\/\/hhb.eu\/tr\/baski\/","title":{"rendered":"Bask\u0131"},"content":{"rendered":"<h1>\n<div class=\"QmZWSe\">\n<div class=\"DHcWmd\">Yasal Uyar\u0131<\/div>\n<\/div>\n<\/h1>\n<div>\n<div class=\"uk-margin-medium\">\n<p>Bu yasal uyar\u0131 en son 8 Nisan 2021\u2019de g\u00fcncellenmi\u015ftir.<\/p>\n<p>hhb Electronic GmbH<br \/>Strittholzstrasse 33<br \/>D \u2013 82211 Herrsching<br \/><a href=\"mailto:info@hhb.eu\">info@hhb.eu<\/a><br \/>+49 8152-918444<\/p>\n<p>Sat\u0131\u015f vergisi kimli\u011fi: DE114415256<br \/>Kapsam: https:\/\/hhb.eu<br \/>Kay\u0131t: M\u00fcnih ticari siciline girildi.<br \/>Kay\u0131t numaras\u0131: HRB 12149<br \/>Yetkili temsilci: Thomas Kalusa<\/p>\n<\/div>\n<\/div>\n<p><img decoding=\"async\" src=\"\/wp-content\/uploads\/2018\/04\/logo_hhb_electronic_cmyk.png\" alt=\"\"><\/p>\n<p><!-- {\"name\":\"DE | Impressum\",\"type\":\"layout\",\"children\":[{\"name\":\"\",\"type\":\"section\",\"props\":{\"style\":\"secondary\",\"width\":\"default\",\"vertical_align\":\"middle\",\"title_position\":\"top-left\",\"title_rotation\":\"left\",\"title_breakpoint\":\"xl\",\"image_position\":\"center-center\",\"padding\":\"large\",\"padding_remove_bottom\":true,\"css\":\".el-section {border-bottom:2px solid #fbbe0a;}\"},\"children\":[{\"name\":\"\",\"type\":\"row\",\"children\":[{\"name\":\"\",\"type\":\"column\",\"props\":{\"image_position\":\"center-center\",\"media_overlay_gradient\":\"\",\"width_medium\":\"1-1\"},\"children\":[{\"name\":\"\",\"type\":\"headline\",\"props\":{\"title_element\":\"h1\",\"content\":\"\n\n<div class=\\\"QmZWSe\\\">\\n\n\n<div class=\\\"DHcWmd\\\">Yasal Uyar\\u0131<\\\/div>\\n<\\\/div>\"}}]}]}]},{\"name\":\"\",\"type\":\"section\",\"props\":{\"style\":\"default\",\"width\":\"default\",\"vertical_align\":\"middle\",\"title_position\":\"top-left\",\"title_rotation\":\"left\",\"title_breakpoint\":\"xl\",\"image_position\":\"center-center\"},\"children\":[{\"name\":\"\",\"type\":\"row\",\"props\":{\"layout\":\"1-2,1-2\"},\"children\":[{\"name\":\"\",\"type\":\"column\",\"props\":{\"image_position\":\"center-center\",\"media_overlay_gradient\":\"\",\"width_medium\":\"1-2\"},\"children\":[{\"name\":\"\",\"type\":\"text\",\"props\":{\"margin\":\"default\",\"column_breakpoint\":\"m\",\"content\":\"\n\n<div class=\\\"uk-margin-medium\\\">\\n\n\n<p>Bu yasal uyar\\u0131 en son 8 Nisan 2021\\u2019de g\\u00fcncellenmi\\u015ftir.<\\\/p>\\n\n\n<p>hhb Electronic GmbH<br \\\/>Strittholzstrasse 33<br \\\/>D \\u2013 82211 Herrsching<br \\\/><a href=\\\"mailto:info@hhb.eu\\\">info@hhb.eu<\\\/a><br \\\/>+49 8152-918444<\\\/p>\\n\n\n<p>Sat\\u0131\\u015f vergisi kimli\\u011fi: DE114415256<br \\\/>Kapsam: https:\\\/\\\/hhb.eu<br \\\/>Kay\\u0131t: M\\u00fcnih ticari siciline girildi.<br \\\/>Kay\\u0131t numaras\\u0131: HRB 12149<br \\\/>Yetkili temsilci: Thomas Kalusa<\\\/p>\\n<\\\/div>\"}}]},{\"name\":\"\",\"type\":\"column\",\"props\":{\"image_position\":\"center-center\",\"media_overlay_gradient\":\"\",\"width_medium\":\"1-2\"},\"children\":[{\"name\":\"\",\"type\":\"image\",\"props\":{\"margin\":\"default\",\"image\":\"wp-content\\\/uploads\\\/2018\\\/04\\\/logo_hhb_electronic_cmyk.png\",\"css\":\".el-element {\\n margin-top:100px;\\n}\",\"text_align\":\"center\",\"image_svg_color\":\"emphasis\"}}]}]}]}],\"version\":\"2.3.29\"} --><\/p>\n","protected":false},"excerpt":{"rendered":"<p>Yasal Uyar\u0131 Bu yasal uyar\u0131 en son 8 Nisan 2021\u2019de g\u00fcncellenmi\u015ftir. hhb Electronic GmbHStrittholzstrasse 33D \u2013 82211 Herrschinginfo@hhb.eu+49 8152-918444 Sat\u0131\u015f vergisi kimli\u011fi: DE114415256Kapsam: https:\/\/hhb.euKay\u0131t: M\u00fcnih ticari siciline girildi.Kay\u0131t numaras\u0131: HRB 12149Yetkili temsilci: Thomas Kalusa<\/p>\n","protected":false},"author":3,"featured_media":0,"parent":0,"menu_order":0,"comment_status":"closed","ping_status":"closed","template":"","meta":{"_acf_changed":false,"footnotes":""},"class_list":["post-5193","page","type-page","status-publish","hentry"],"acf":[],"_links":{"self":[{"href":"https:\/\/hhb.eu\/tr\/wp-json\/wp\/v2\/pages\/5193","targetHints":{"allow":["GET"]}}],"collection":[{"href":"https:\/\/hhb.eu\/tr\/wp-json\/wp\/v2\/pages"}],"about":[{"href":"https:\/\/hhb.eu\/tr\/wp-json\/wp\/v2\/types\/page"}],"author":[{"embeddable":true,"href":"https:\/\/hhb.eu\/tr\/wp-json\/wp\/v2\/users\/3"}],"replies":[{"embeddable":true,"href":"https:\/\/hhb.eu\/tr\/wp-json\/wp\/v2\/comments?post=5193"}],"version-history":[{"count":7,"href":"https:\/\/hhb.eu\/tr\/wp-json\/wp\/v2\/pages\/5193\/revisions"}],"predecessor-version":[{"id":5451,"href":"https:\/\/hhb.eu\/tr\/wp-json\/wp\/v2\/pages\/5193\/revisions\/5451"}],"wp:attachment":[{"href":"https:\/\/hhb.eu\/tr\/wp-json\/wp\/v2\/media?parent=5193"}],"curies":[{"name":"wp","href":"https:\/\/api.w.org\/{rel}","templated":true}]}}